{"id":25995,"date":"2022-07-12T10:38:10","date_gmt":"2022-07-12T14:38:10","guid":{"rendered":"https:\/\/www.westburymontreal.com\/?page_id=25995"},"modified":"2024-02-06T11:36:37","modified_gmt":"2024-02-06T16:36:37","slug":"home-2022","status":"publish","type":"page","link":"https:\/\/www.westburymontreal.com\/en\/","title":{"rendered":"home-2022"},"content":{"rendered":"<p>[et_pb_section fb_built=&#8221;1&#8243; fullwidth=&#8221;on&#8221; _builder_version=&#8221;4.17.4&#8243; background_color_gradient_start=&#8221;rgba(0,0,0,0.5)&#8221; background_color_gradient_end=&#8221;rgba(0,0,0,0.5)&#8221; background_image=&#8221;https:\/\/www.westburymontreal.com\/wp-content\/uploads\/2022\/04\/home-2022-1-1.jpg&#8221; parallax=&#8221;on&#8221; parallax_method=&#8221;off&#8221; background_last_edited=&#8221;on|phone&#8221; parallax_phone=&#8221;off&#8221; background_position_phone=&#8221;top_center&#8221; da_disable_devices=&#8221;off|off|off&#8221; global_colors_info=&#8221;{}&#8221; da_is_popup=&#8221;off&#8221; da_exit_intent=&#8221;off&#8221; da_has_close=&#8221;on&#8221; da_alt_close=&#8221;off&#8221; da_dark_close=&#8221;off&#8221; da_not_modal=&#8221;on&#8221; da_is_singular=&#8221;off&#8221; da_with_loader=&#8221;off&#8221; da_has_shadow=&#8221;on&#8221;][et_pb_fullwidth_header header_fullscreen=&#8221;on&#8221; _builder_version=&#8221;4.23.1&#8243; title_font=&#8221;Cormorant Garamond|300||on|||||&#8221; title_text_align=&#8221;center&#8221; title_text_color=&#8221;#ffffff&#8221; title_font_size=&#8221;60px&#8221; background_enable_color=&#8221;off&#8221; custom_button_one=&#8221;on&#8221; module_alignment=&#8221;center&#8221; animation_style=&#8221;fade&#8221; z_index_tablet=&#8221;500&#8243; animation_delay_tablet=&#8221;&#8221; animation_delay_phone=&#8221;850ms&#8221; animation_delay_last_edited=&#8221;on|phone&#8221; global_colors_info=&#8221;{}&#8221;]<\/p>\n<h1 style=\"text-align: center;\">CONDOS FOR RENT<br \/>IN MONTREAL<\/h1>\n<p style=\"text-align: center;\"><a class=\"et_pb_button\" href=\"https:\/\/www.westburymontreal.com\/en\/condos-for-rent-montreal\/\">Learn more<\/a><\/p>\n<p>[\/et_pb_fullwidth_header][\/et_pb_section][et_pb_section fb_built=&#8221;1&#8243; fullwidth=&#8221;on&#8221; _builder_version=&#8221;4.16&#8243; background_image=&#8221;https:\/\/www.westburymontreal.com\/wp-content\/uploads\/2019\/07\/westbury-montreal-room.jpg&#8221; parallax=&#8221;on&#8221; parallax_method=&#8221;off&#8221; background_last_edited=&#8221;on|phone&#8221; background_image_tablet=&#8221;https:\/\/www.westburymontreal.com\/wp-content\/uploads\/2019\/11\/westbury-montreal-room-mobile.jpg&#8221; background_enable_image_tablet=&#8221;on&#8221; background_enable_image_phone=&#8221;off&#8221; da_disable_devices=&#8221;off|off|off&#8221; global_colors_info=&#8221;{}&#8221; da_is_popup=&#8221;off&#8221; da_exit_intent=&#8221;off&#8221; da_has_close=&#8221;on&#8221; da_alt_close=&#8221;off&#8221; da_dark_close=&#8221;off&#8221; da_not_modal=&#8221;on&#8221; da_is_singular=&#8221;off&#8221; da_with_loader=&#8221;off&#8221; da_has_shadow=&#8221;on&#8221;][et_pb_fullwidth_header title=&#8221;New rental condos in Westbury Montr\u00e9al&#8221; text_orientation=&#8221;center&#8221; header_fullscreen=&#8221;on&#8221; header_scroll_down=&#8221;on&#8221; scroll_down_icon=&#8221;%%1%%&#8221; scroll_down_icon_color=&#8221;#ffffff&#8221; scroll_down_icon_size=&#8221;60px&#8221; _builder_version=&#8221;4.23.1&#8243; title_level=&#8221;h2&#8243; title_text_align=&#8221;left&#8221; title_font_size=&#8221;44px&#8221; content_font=&#8221;Cormorant Garamond|500|||||||&#8221; content_text_align=&#8221;left&#8221; content_font_size=&#8221;23px&#8221; background_color=&#8221;rgba(0,0,0,0.7)&#8221; width=&#8221;44%&#8221; module_alignment=&#8221;right&#8221; custom_margin=&#8221;0px|0px|0px|0px|false|false&#8221; custom_padding=&#8221;0px||0px||false|false&#8221; z_index_tablet=&#8221;500&#8243; global_colors_info=&#8221;{}&#8221;]<\/p>\n<p>Westbury Montreal is proud to announce the upcoming construction of a new phase of rental condos in the heart of the neighborhood.<br \/>Designed according to the highest quality standards of Devmont Construction, the 93 condos for rent will be available from spring 2024.<br \/><a class=\"et_pb_button\" href=\"https:\/\/www.westburymontreal.com\/en\/office-space-for-rent-montreal\/\">Learn more<\/a><\/p>\n<p>[\/et_pb_fullwidth_header][\/et_pb_section][et_pb_section fb_built=&#8221;1&#8243; fullwidth=&#8221;on&#8221; disabled_on=&#8221;off|on|on&#8221; _builder_version=&#8221;4.16&#8243; background_image=&#8221;https:\/\/www.westburymontreal.com\/wp-content\/uploads\/2019\/11\/westbury-montreal-room-hidden.jpg&#8221; min_height=&#8221;300px&#8221; da_disable_devices=&#8221;off|off|off&#8221; locked=&#8221;off&#8221; global_colors_info=&#8221;{}&#8221; da_is_popup=&#8221;off&#8221; da_exit_intent=&#8221;off&#8221; da_has_close=&#8221;on&#8221; da_alt_close=&#8221;off&#8221; da_dark_close=&#8221;off&#8221; da_not_modal=&#8221;on&#8221; da_is_singular=&#8221;off&#8221; da_with_loader=&#8221;off&#8221; da_has_shadow=&#8221;on&#8221;][\/et_pb_section][et_pb_section fb_built=&#8221;1&#8243; fullwidth=&#8221;on&#8221; _builder_version=&#8221;4.16&#8243; background_image=&#8221;https:\/\/www.westburymontreal.com\/wp-content\/uploads\/2022\/04\/home-2022-3.jpg&#8221; parallax=&#8221;on&#8221; parallax_method=&#8221;off&#8221; background_last_edited=&#8221;on|phone&#8221; background_image_tablet=&#8221;https:\/\/www.westburymontreal.com\/wp-content\/uploads\/2019\/11\/westbury-montreal-new-neighbourhood-mobile.jpg&#8221; background_enable_image_tablet=&#8221;on&#8221; background_enable_image_phone=&#8221;off&#8221; da_disable_devices=&#8221;off|off|off&#8221; global_colors_info=&#8221;{}&#8221; da_is_popup=&#8221;off&#8221; da_exit_intent=&#8221;off&#8221; da_has_close=&#8221;on&#8221; da_alt_close=&#8221;off&#8221; da_dark_close=&#8221;off&#8221; da_not_modal=&#8221;on&#8221; da_is_singular=&#8221;off&#8221; da_with_loader=&#8221;off&#8221; da_has_shadow=&#8221;on&#8221;][et_pb_fullwidth_header title=&#8221;A new dynamic neighbourhood in Montreal&#8221; text_orientation=&#8221;center&#8221; header_fullscreen=&#8221;on&#8221; header_scroll_down=&#8221;on&#8221; scroll_down_icon=&#8221;%%1%%&#8221; scroll_down_icon_color=&#8221;#ffffff&#8221; scroll_down_icon_size=&#8221;60px&#8221; _builder_version=&#8221;4.17.4&#8243; title_level=&#8221;h2&#8243; title_text_align=&#8221;left&#8221; title_font_size=&#8221;44px&#8221; content_font=&#8221;Cormorant Garamond|500|||||||&#8221; content_text_align=&#8221;left&#8221; content_font_size=&#8221;23px&#8221; background_color=&#8221;rgba(0,0,0,0.7)&#8221; width=&#8221;44%&#8221; module_alignment=&#8221;right&#8221; z_index_tablet=&#8221;500&#8243; global_colors_info=&#8221;{}&#8221;]<\/p>\n<p>More than just another condo development, Westbury Montr\u00e9al is nothing less than the creation of a brand-new neighbourhood, complete with an office tower, hotel, 40,000 sq. ft. green park and more than ample commercial space to serve all your needs.<\/p>\n<p>Strategically located so that you\u2019re close to major highways, the metro, as well as hospitals and schools, it\u2019s a self-contained living concept that has everything that you could want in a neighbourhood.<\/p>\n<p><a class=\"et_pb_button\" href=\"https:\/\/www.westburymontreal.com\/en\/westbury-montreal-neighbourhood\/\">Discover the neighbourhood<\/a><\/p>\n<p>[\/et_pb_fullwidth_header][\/et_pb_section][et_pb_section fb_built=&#8221;1&#8243; fullwidth=&#8221;on&#8221; disabled_on=&#8221;off|on|on&#8221; _builder_version=&#8221;4.16&#8243; background_image=&#8221;https:\/\/www.westburymontreal.com\/wp-content\/uploads\/2022\/04\/home-2022-3.jpg&#8221; min_height=&#8221;300px&#8221; da_disable_devices=&#8221;off|off|off&#8221; locked=&#8221;off&#8221; global_colors_info=&#8221;{}&#8221; da_is_popup=&#8221;off&#8221; da_exit_intent=&#8221;off&#8221; da_has_close=&#8221;on&#8221; da_alt_close=&#8221;off&#8221; da_dark_close=&#8221;off&#8221; da_not_modal=&#8221;on&#8221; da_is_singular=&#8221;off&#8221; da_with_loader=&#8221;off&#8221; da_has_shadow=&#8221;on&#8221;][\/et_pb_section][et_pb_section fb_built=&#8221;1&#8243; fullwidth=&#8221;on&#8221; _builder_version=&#8221;4.16&#8243; background_image=&#8221;https:\/\/www.westburymontreal.com\/wp-content\/uploads\/2022\/04\/home-2022-4.jpg&#8221; parallax=&#8221;on&#8221; parallax_method=&#8221;off&#8221; background_last_edited=&#8221;on|phone&#8221; background_image_tablet=&#8221;https:\/\/www.westburymontreal.com\/wp-content\/uploads\/2019\/11\/westbury-montreal-common-spaces-mobile.jpg&#8221; background_enable_image_tablet=&#8221;on&#8221; background_enable_image_phone=&#8221;off&#8221; da_disable_devices=&#8221;off|off|off&#8221; global_colors_info=&#8221;{}&#8221; da_is_popup=&#8221;off&#8221; da_exit_intent=&#8221;off&#8221; da_has_close=&#8221;on&#8221; da_alt_close=&#8221;off&#8221; da_dark_close=&#8221;off&#8221; da_not_modal=&#8221;on&#8221; da_is_singular=&#8221;off&#8221; da_with_loader=&#8221;off&#8221; da_has_shadow=&#8221;on&#8221;][et_pb_fullwidth_header title=&#8221;Hilton Hotel Montreal Midtown&#8221; text_orientation=&#8221;center&#8221; header_fullscreen=&#8221;on&#8221; header_scroll_down=&#8221;on&#8221; scroll_down_icon=&#8221;%%1%%&#8221; scroll_down_icon_color=&#8221;#ffffff&#8221; scroll_down_icon_size=&#8221;60px&#8221; _builder_version=&#8221;4.17.4&#8243; title_level=&#8221;h2&#8243; title_text_align=&#8221;left&#8221; title_font_size=&#8221;44px&#8221; content_font=&#8221;Cormorant Garamond|500|||||||&#8221; content_text_align=&#8221;left&#8221; content_font_size=&#8221;23px&#8221; background_color=&#8221;rgba(0,0,0,0.7)&#8221; width=&#8221;44%&#8221; module_alignment=&#8221;right&#8221; z_index_tablet=&#8221;500&#8243; global_colors_info=&#8221;{}&#8221;]<\/p>\n<p>The Hilton Garden Inn\/Hilton Homewood Suites hotel is located in the neighbourhood and offers 157 spacious rooms and 133 suites, ideal for tourists and business travelers.<\/p>\n<p>You will also find all the amenities that have made Hilton hotels famous, as well as a huge reception room.<\/p>\n<p><a class=\"et_pb_button\" href=\"https:\/\/www.westburymontreal.com\/en\/hilton-hotel-montreal-midtown\/\">Learn more about the hotel<\/a><\/p>\n<p>[\/et_pb_fullwidth_header][\/et_pb_section][et_pb_section fb_built=&#8221;1&#8243; fullwidth=&#8221;on&#8221; disabled_on=&#8221;off|on|on&#8221; admin_label=&#8221;Section&#8221; _builder_version=&#8221;4.16&#8243; background_image=&#8221;https:\/\/www.westburymontreal.com\/wp-content\/uploads\/2022\/04\/home-2022-4.jpg&#8221; min_height=&#8221;300px&#8221; da_disable_devices=&#8221;off|off|off&#8221; locked=&#8221;off&#8221; global_colors_info=&#8221;{}&#8221; da_is_popup=&#8221;off&#8221; da_exit_intent=&#8221;off&#8221; da_has_close=&#8221;on&#8221; da_alt_close=&#8221;off&#8221; da_dark_close=&#8221;off&#8221; da_not_modal=&#8221;on&#8221; da_is_singular=&#8221;off&#8221; da_with_loader=&#8221;off&#8221; da_has_shadow=&#8221;on&#8221;][\/et_pb_section][et_pb_section fb_built=&#8221;1&#8243; fullwidth=&#8221;on&#8221; _builder_version=&#8221;4.16&#8243; background_image=&#8221;https:\/\/www.westburymontreal.com\/wp-content\/uploads\/2022\/04\/home-2022-5.jpg&#8221; parallax=&#8221;on&#8221; parallax_method=&#8221;off&#8221; background_last_edited=&#8221;on|phone&#8221; background_image_tablet=&#8221;https:\/\/www.westburymontreal.com\/wp-content\/uploads\/2019\/11\/westbury-montreal-commercial-spaces-mobile.jpg&#8221; background_enable_image_tablet=&#8221;on&#8221; background_enable_image_phone=&#8221;off&#8221; da_disable_devices=&#8221;off|off|off&#8221; global_colors_info=&#8221;{}&#8221; da_is_popup=&#8221;off&#8221; da_exit_intent=&#8221;off&#8221; da_has_close=&#8221;on&#8221; da_alt_close=&#8221;off&#8221; da_dark_close=&#8221;off&#8221; da_not_modal=&#8221;on&#8221; da_is_singular=&#8221;off&#8221; da_with_loader=&#8221;off&#8221; da_has_shadow=&#8221;on&#8221;][et_pb_fullwidth_header title=&#8221;Shops &#038; restaurants close to your home&#8221; text_orientation=&#8221;center&#8221; header_fullscreen=&#8221;on&#8221; header_scroll_down=&#8221;on&#8221; scroll_down_icon=&#8221;%%1%%&#8221; scroll_down_icon_color=&#8221;#ffffff&#8221; scroll_down_icon_size=&#8221;60px&#8221; _builder_version=&#8221;4.17.4&#8243; title_level=&#8221;h2&#8243; title_text_align=&#8221;left&#8221; title_font_size=&#8221;44px&#8221; content_font=&#8221;Cormorant Garamond|500|||||||&#8221; content_text_align=&#8221;left&#8221; content_font_size=&#8221;23px&#8221; background_color=&#8221;rgba(0,0,0,0.7)&#8221; width=&#8221;44%&#8221; module_alignment=&#8221;right&#8221; z_index_tablet=&#8221;500&#8243; global_colors_info=&#8221;{}&#8221;]<\/p>\n<p>In order to offer an unequaled quality of life to residents and workers present in the district, several businesses have been established.<\/p>\n<p>Start your day with fresh products from the local bakery or caf\u00e9, and end it with a hearty meal on the terrace of one of the restaurants.<\/p>\n<p>At Westbury Montreal, everything is at your fingertips!<\/p>\n<p><a class=\"et_pb_button\" href=\"https:\/\/www.westburymontreal.com\/en\/westbury-montreal-neighbourhood\/\">Discover the shops<\/a><\/p>\n<p>[\/et_pb_fullwidth_header][\/et_pb_section][et_pb_section fb_built=&#8221;1&#8243; fullwidth=&#8221;on&#8221; disabled_on=&#8221;off|on|on&#8221; _builder_version=&#8221;4.16&#8243; background_image=&#8221;https:\/\/www.westburymontreal.com\/wp-content\/uploads\/2022\/04\/home-2022-5.jpg&#8221; min_height=&#8221;300px&#8221; da_disable_devices=&#8221;off|off|off&#8221; locked=&#8221;off&#8221; global_colors_info=&#8221;{}&#8221; da_is_popup=&#8221;off&#8221; da_exit_intent=&#8221;off&#8221; da_has_close=&#8221;on&#8221; da_alt_close=&#8221;off&#8221; da_dark_close=&#8221;off&#8221; da_not_modal=&#8221;on&#8221; da_is_singular=&#8221;off&#8221; da_with_loader=&#8221;off&#8221; da_has_shadow=&#8221;on&#8221;][\/et_pb_section]<\/p>\n","protected":false},"excerpt":{"rendered":"<p>CONDOS FOR RENTIN MONTREAL Learn moreWestbury Montreal is proud to announce the upcoming construction of a new phase of rental condos in the heart of the neighborhood.Designed according to the highest quality standards of Devmont Construction, the 93 condos for rent will be available from spring 2024.Learn moreMore than just another condo development, Westbury Montr\u00e9al [&hellip;]<\/p>\n","protected":false},"author":1,"featured_media":0,"parent":0,"menu_order":0,"comment_status":"closed","ping_status":"closed","template":"","meta":{"_et_pb_use_builder":"on","_et_pb_old_content":"","_et_gb_content_width":"","inline_featured_image":false,"footnotes":""},"class_list":["post-25995","page","type-page","status-publish","hentry"],"yoast_head":"<!-- This site is optimized with the Yoast SEO plugin v27.3 - https:\/\/yoast.com\/product\/yoast-seo-wordpress\/ -->\n<title>Condos for Rent | Office Space for Rent | Westbury Montreal<\/title>\n<meta name=\"description\" content=\"Westbury Montreal is a new dynamic neighborhood in Montreal. Discover our current projects of office space for rent and rental condos.\" \/>\n<meta name=\"robots\" content=\"index, follow, max-snippet:-1, max-image-preview:large, max-video-preview:-1\" \/>\n<link rel=\"canonical\" href=\"https:\/\/www.westburymontreal.com\/en\/\" \/>\n<meta property=\"og:locale\" content=\"en_US\" \/>\n<meta property=\"og:type\" content=\"article\" \/>\n<meta property=\"og:title\" content=\"Condos for Rent | Office Space for Rent | Westbury Montreal\" \/>\n<meta property=\"og:description\" content=\"Westbury Montreal is a new dynamic neighborhood in Montreal. Discover our current projects of office space for rent and rental condos.\" \/>\n<meta property=\"og:url\" content=\"https:\/\/www.westburymontreal.com\/en\/\" \/>\n<meta property=\"og:site_name\" content=\"Westbury Montr\u00e9al Projet immobilier \u00e0 Montr\u00e9al\" \/>\n<meta property=\"article:publisher\" content=\"https:\/\/www.facebook.com\/westburymontreal\/\" \/>\n<meta property=\"article:modified_time\" content=\"2024-02-06T16:36:37+00:00\" \/>\n<meta property=\"og:image\" content=\"https:\/\/www.westburymontreal.com\/wp-content\/uploads\/2018\/07\/westbury-montreal-logo.png\" \/>\n\t<meta property=\"og:image:width\" content=\"500\" \/>\n\t<meta property=\"og:image:height\" content=\"332\" \/>\n\t<meta property=\"og:image:type\" content=\"image\/png\" \/>\n<meta name=\"twitter:card\" content=\"summary_large_image\" \/>\n<meta name=\"twitter:site\" content=\"@WestburyMtl\" \/>\n<meta name=\"twitter:label1\" content=\"Est. reading time\" \/>\n\t<meta name=\"twitter:data1\" content=\"2 minutes\" \/>\n<!-- \/ Yoast SEO plugin. -->","yoast_head_json":{"title":"Condos for Rent | Office Space for Rent | Westbury Montreal","description":"Westbury Montreal is a new dynamic neighborhood in Montreal. Discover our current projects of office space for rent and rental condos.","robots":{"index":"index","follow":"follow","max-snippet":"max-snippet:-1","max-image-preview":"max-image-preview:large","max-video-preview":"max-video-preview:-1"},"canonical":"https:\/\/www.westburymontreal.com\/en\/","og_locale":"en_US","og_type":"article","og_title":"Condos for Rent | Office Space for Rent | Westbury Montreal","og_description":"Westbury Montreal is a new dynamic neighborhood in Montreal. Discover our current projects of office space for rent and rental condos.","og_url":"https:\/\/www.westburymontreal.com\/en\/","og_site_name":"Westbury Montr\u00e9al Projet immobilier \u00e0 Montr\u00e9al","article_publisher":"https:\/\/www.facebook.com\/westburymontreal\/","article_modified_time":"2024-02-06T16:36:37+00:00","og_image":[{"width":500,"height":332,"url":"https:\/\/www.westburymontreal.com\/wp-content\/uploads\/2018\/07\/westbury-montreal-logo.png","type":"image\/png"}],"twitter_card":"summary_large_image","twitter_site":"@WestburyMtl","twitter_misc":{"Est. reading time":"2 minutes"},"schema":{"@context":"https:\/\/schema.org","@graph":[{"@type":"WebPage","@id":"https:\/\/www.westburymontreal.com\/en\/","url":"https:\/\/www.westburymontreal.com\/en\/","name":"Condos for Rent | Office Space for Rent | Westbury Montreal","isPartOf":{"@id":"https:\/\/www.westburymontreal.com\/en\/#website"},"datePublished":"2022-07-12T14:38:10+00:00","dateModified":"2024-02-06T16:36:37+00:00","description":"Westbury Montreal is a new dynamic neighborhood in Montreal. Discover our current projects of office space for rent and rental condos.","breadcrumb":{"@id":"https:\/\/www.westburymontreal.com\/en\/#breadcrumb"},"inLanguage":"en-CA","potentialAction":[{"@type":"ReadAction","target":["https:\/\/www.westburymontreal.com\/en\/"]}]},{"@type":"BreadcrumbList","@id":"https:\/\/www.westburymontreal.com\/en\/#breadcrumb","itemListElement":[{"@type":"ListItem","position":1,"name":"Home","item":"https:\/\/www.westburymontreal.com\/en\/"},{"@type":"ListItem","position":2,"name":"home-2022"}]},{"@type":"WebSite","@id":"https:\/\/www.westburymontreal.com\/en\/#website","url":"https:\/\/www.westburymontreal.com\/en\/","name":"Westbury Montr\u00e9al Projet immobilier \u00e0 Montr\u00e9al","description":"","publisher":{"@id":"https:\/\/www.westburymontreal.com\/en\/#organization"},"potentialAction":[{"@type":"SearchAction","target":{"@type":"EntryPoint","urlTemplate":"https:\/\/www.westburymontreal.com\/en\/?s={search_term_string}"},"query-input":{"@type":"PropertyValueSpecification","valueRequired":true,"valueName":"search_term_string"}}],"inLanguage":"en-CA"},{"@type":"Organization","@id":"https:\/\/www.westburymontreal.com\/en\/#organization","name":"Westbury Montr\u00e9al Projet immobilier \u00e0 Montr\u00e9al","url":"https:\/\/www.westburymontreal.com\/en\/","logo":{"@type":"ImageObject","inLanguage":"en-CA","@id":"https:\/\/www.westburymontreal.com\/en\/#\/schema\/logo\/image\/","url":"https:\/\/www.westburymontreal.com\/wp-content\/uploads\/2024\/11\/living-room-4.jpg","contentUrl":"https:\/\/www.westburymontreal.com\/wp-content\/uploads\/2024\/11\/living-room-4.jpg","width":2000,"height":1000,"caption":"Westbury Montr\u00e9al Projet immobilier \u00e0 Montr\u00e9al"},"image":{"@id":"https:\/\/www.westburymontreal.com\/en\/#\/schema\/logo\/image\/"},"sameAs":["https:\/\/www.facebook.com\/westburymontreal\/","https:\/\/x.com\/WestburyMtl","https:\/\/instagram.com\/westburymontreal\/","https:\/\/www.linkedin.com\/company\/11103168\/"]}]}},"_links":{"self":[{"href":"https:\/\/www.westburymontreal.com\/en\/wp-json\/wp\/v2\/pages\/25995","targetHints":{"allow":["GET"]}}],"collection":[{"href":"https:\/\/www.westburymontreal.com\/en\/wp-json\/wp\/v2\/pages"}],"about":[{"href":"https:\/\/www.westburymontreal.com\/en\/wp-json\/wp\/v2\/types\/page"}],"author":[{"embeddable":true,"href":"https:\/\/www.westburymontreal.com\/en\/wp-json\/wp\/v2\/users\/1"}],"replies":[{"embeddable":true,"href":"https:\/\/www.westburymontreal.com\/en\/wp-json\/wp\/v2\/comments?post=25995"}],"version-history":[{"count":0,"href":"https:\/\/www.westburymontreal.com\/en\/wp-json\/wp\/v2\/pages\/25995\/revisions"}],"wp:attachment":[{"href":"https:\/\/www.westburymontreal.com\/en\/wp-json\/wp\/v2\/media?parent=25995"}],"curies":[{"name":"wp","href":"https:\/\/api.w.org\/{rel}","templated":true}]}}