{"id":25232,"date":"2021-06-21T10:54:08","date_gmt":"2021-06-21T14:54:08","guid":{"rendered":"https:\/\/www.westburymontreal.com\/?page_id=25232"},"modified":"2022-07-14T10:43:45","modified_gmt":"2022-07-14T14:43:45","slug":"hilton-hotel-montreal-midtown","status":"publish","type":"page","link":"https:\/\/www.westburymontreal.com\/en\/hilton-hotel-montreal-midtown\/","title":{"rendered":"Hotel"},"content":{"rendered":"<p>[et_pb_section fb_built=&#8221;1&#8243; module_id=&#8221;innerBanner&#8221; _builder_version=&#8221;4.16&#8243; background_image=&#8221;https:\/\/www.westburymontreal.com\/wp-content\/uploads\/2021\/06\/hotel-hilton-montreal.jpg&#8221; da_disable_devices=&#8221;off|off|off&#8221; global_colors_info=&#8221;{}&#8221; da_is_popup=&#8221;off&#8221; da_exit_intent=&#8221;off&#8221; da_has_close=&#8221;on&#8221; da_alt_close=&#8221;off&#8221; da_dark_close=&#8221;off&#8221; da_not_modal=&#8221;on&#8221; da_is_singular=&#8221;off&#8221; da_with_loader=&#8221;off&#8221; da_has_shadow=&#8221;on&#8221;][et_pb_row _builder_version=&#8221;4.16&#8243; background_size=&#8221;initial&#8221; background_position=&#8221;top_left&#8221; background_repeat=&#8221;repeat&#8221; global_colors_info=&#8221;{}&#8221;][et_pb_column type=&#8221;4_4&#8243; _builder_version=&#8221;4.16&#8243; custom_padding=&#8221;|||&#8221; global_colors_info=&#8221;{}&#8221; custom_padding__hover=&#8221;|||&#8221;][et_pb_text _builder_version=&#8221;4.16&#8243; _module_preset=&#8221;default&#8221; global_colors_info=&#8221;{}&#8221;]<\/p>\n<h1 style=\"text-align: center;\">HILTON MONTR\u00c9AL HOTEL<\/h1>\n<h2 style=\"text-align: center;\"><span style=\"font-weight: 500;\">A UNIQUE PLACE. AN UNFORGETTABLE STAY<\/span><\/h2>\n<p>[\/et_pb_text][\/et_pb_column][\/et_pb_row][\/et_pb_section][et_pb_section fb_built=&#8221;1&#8243; custom_padding_last_edited=&#8221;on|desktop&#8221; admin_label=&#8221;Section&#8221; _builder_version=&#8221;4.16&#8243; _module_preset=&#8221;default&#8221; custom_padding=&#8221;60px||60px||true|false&#8221; custom_padding_tablet=&#8221;&#8221; custom_padding_phone=&#8221;30px||30px||true|false&#8221; da_disable_devices=&#8221;off|off|off&#8221; locked=&#8221;off&#8221; global_colors_info=&#8221;{}&#8221; da_is_popup=&#8221;off&#8221; da_exit_intent=&#8221;off&#8221; da_has_close=&#8221;on&#8221; da_alt_close=&#8221;off&#8221; da_dark_close=&#8221;off&#8221; da_not_modal=&#8221;on&#8221; da_is_singular=&#8221;off&#8221; da_with_loader=&#8221;off&#8221; da_has_shadow=&#8221;on&#8221;][et_pb_row column_structure=&#8221;1_2,1_2&#8243; custom_padding_last_edited=&#8221;on|tablet&#8221; _builder_version=&#8221;4.16&#8243; _module_preset=&#8221;default&#8221; custom_padding=&#8221;90px||90px||true|false&#8221; custom_padding_tablet=&#8221;&#8221; custom_padding_phone=&#8221;30px||30px||true|false&#8221; global_colors_info=&#8221;{}&#8221;][et_pb_column type=&#8221;1_2&#8243; module_class=&#8221;gaclick-garden&#8221; _builder_version=&#8221;4.16&#8243; _module_preset=&#8221;default&#8221; global_colors_info=&#8221;{}&#8221;][et_pb_text module_class=&#8221;sync-1 &#8221; _builder_version=&#8221;4.16&#8243; _module_preset=&#8221;default&#8221; link_option_url=&#8221;https:\/\/www.hilton.com\/en\/hotels\/ymqmmgi-hilton-garden-inn-montreal-midtown\/&#8221; link_option_url_new_window=&#8221;on&#8221; border_width_bottom=&#8221;1px&#8221; border_color_bottom=&#8221;#BE8356&#8243; global_colors_info=&#8221;{}&#8221;]<\/p>\n<h2>HILTON GARDEN INN<br \/>MONTR\u00c9AL MIDTOWN<\/h2>\n<p>[\/et_pb_text][et_pb_image src=&#8221;https:\/\/www.westburymontreal.com\/wp-content\/uploads\/2021\/06\/garden-inn.jpg&#8221; title_text=&#8221;garden-inn&#8221; url=&#8221;https:\/\/www.hilton.com\/en\/hotels\/ymqmmgi-hilton-garden-inn-montreal-midtown\/&#8221; url_new_window=&#8221;on&#8221; _builder_version=&#8221;4.16&#8243; _module_preset=&#8221;default&#8221; global_colors_info=&#8221;{}&#8221;][\/et_pb_image][et_pb_text module_class=&#8221;regular-font sync-2&#8243; _builder_version=&#8221;4.16&#8243; _module_preset=&#8221;default&#8221; background_layout=&#8221;dark&#8221; global_colors_info=&#8221;{}&#8221;]<\/p>\n<p>The Hilton Garden Inn Montr\u00e9al Midtown is centrally located and 10 minutes&#8217; drive to downtown Montreal. A brand-new hotel that opened in June 2021, offering to both business and leisure travelers not only over 157 spacious, contemporary-style rooms, but also meeting rooms which are ideal for successful business meetings. The hotel\u2019s Blandino-inspired d\u00e9cor offers travelers the opportunity to experience the thriving Westbury neighbourhood and its shops (Starbucks\u00ae, local grocery store- Pa Supermarket, Italian bakery- Forno West, beauty salon, etc.). Also, the hotel\u2019s proximity to Montreal-Trudeau International Airport and the city\u2019s main roads will facilitate visitors\u2019 travel.<\/p>\n<p>&nbsp;<\/p>\n<ul>\n<li>Boutique style grand lobby and stairway<\/li>\n<li>Westbury Ballroom of over 5000 sq. ft. with adjacent 3 season outdoor terrace<\/li>\n<li>Spacious rooms with 55-inch TV<\/li>\n<li>Free Wi-Fi<\/li>\n<li>Indoor heated pool and state-of-the-art gym<\/li>\n<li>Pet friendly<\/li>\n<li>2 restaurants are located in the hotel: Brasserie Blandino and Taquer\u00eda Pancho<\/li>\n<li>8 meeting rooms available<\/li>\n<li>Outdoor terrace of more than 1700 square feet<\/li>\n<li>Proximity to Montr\u00e9al-Trudeau International Airport (11 km)<\/li>\n<li>Downtown within 10 km<\/li>\n<li>Saint Joseph\u2019s Oratory and Mont-Royal nearby<\/li>\n<li>Indoor parking available<\/li>\n<\/ul>\n<p>[\/et_pb_text][et_pb_text admin_label=&#8221;Bouton&#8221; module_class=&#8221;regular-font&#8221; _builder_version=&#8221;4.16&#8243; _module_preset=&#8221;default&#8221; background_layout=&#8221;dark&#8221; global_colors_info=&#8221;{}&#8221;]<\/p>\n<p style=\"text-align: center;\"><a onclick=\"ga('send', 'event', 'hotel', 'clic', 'gardeninn')\" class=\"et_pb_button et_pb_more_button\" href=\"https:\/\/www.hilton.com\/en\/hotels\/ymqmmgi-hilton-garden-inn-montreal-midtown\/\" target=\"_blank\" rel=\"noopener\">BOOK NOW<\/a><\/p>\n<p>[\/et_pb_text][\/et_pb_column][et_pb_column type=&#8221;1_2&#8243; module_class=&#8221;gaclick-homewood&#8221; _builder_version=&#8221;4.16&#8243; _module_preset=&#8221;default&#8221; global_colors_info=&#8221;{}&#8221;][et_pb_text module_class=&#8221;sync-1&#8243; _builder_version=&#8221;4.16&#8243; _module_preset=&#8221;default&#8221; link_option_url=&#8221;https:\/\/www.hilton.com\/en\/hotels\/ymqskhw-homewood-suites-montreal-midtown\/&#8221; link_option_url_new_window=&#8221;on&#8221; border_width_bottom=&#8221;1px&#8221; border_color_bottom=&#8221;#BE8356&#8243; global_colors_info=&#8221;{}&#8221;]<\/p>\n<h2>HILTON HOMEWOOD SUITES<br \/>MONTR\u00c9AL MIDTOWN<\/h2>\n<p>[\/et_pb_text][et_pb_image src=&#8221;https:\/\/www.westburymontreal.com\/wp-content\/uploads\/2021\/06\/homewood-suites.jpg&#8221; title_text=&#8221;homewood-suites&#8221; url=&#8221;https:\/\/www.hilton.com\/en\/hotels\/ymqskhw-homewood-suites-montreal-midtown\/&#8221; url_new_window=&#8221;on&#8221; _builder_version=&#8221;4.16&#8243; _module_preset=&#8221;default&#8221; global_colors_info=&#8221;{}&#8221;][\/et_pb_image][et_pb_text module_class=&#8221;regular-font  sync-2&#8243; _builder_version=&#8221;4.16&#8243; _module_preset=&#8221;default&#8221; global_colors_info=&#8221;{}&#8221;]<\/p>\n<p>The Hilton Homewood Suites Montr\u00e9al Midtown is centrally located and 10 minute drive to downtown Montreal. A brand-new hotel that opened in June 2021, no detail has been overlooked to accommodate travelers looking for a comfortable and enjoyable experience during their extended stay. Discover a unique decor and architecture inspired by the artist Blandino, and the spacious rooms of the 133 suites (studio, one-bedroom or two-bedroom), all equipped with oversized bathrooms and fully equipped kitchens. Travelers will also enjoy exploring the many businesses in the thriving Westbury neighborhood (Starbucks\u00ae, local grocery store-PA Supermarket, Italian bakery-Forno West, beauty salon, etc.).<\/p>\n<p>&nbsp;<\/p>\n<ul>\n<li>Boutique style grand lobby and stairway<\/li>\n<li>Westbury Ballroom of over 5000 sq. ft. with adjacent 3 season outdoor terrace<\/li>\n<li>Breakfasts included (hot and cold buffet)<\/li>\n<li>2 restaurants are located in the hotel: Brasserie Blandino and Taquer\u00eda Pancho<\/li>\n<li>High-end suites and rooms with spectacular views available<\/li>\n<li>Indoor heated pool and state-of-the-art gym<\/li>\n<li>Free Wi-Fi<\/li>\n<li>Pet friendly<\/li>\n<li>Evening events<\/li>\n<li>Close to hospitals, MUHC, St Justine, Jewish General, St Mary, etc.<\/li>\n<li>5 minutes&#8217; walk to subway (Namur station)<\/li>\n<li>10 minutes&#8217; drive to downtown and to the Montr\u00e9al-Trudeau International Airport<\/li>\n<li>Indoor parking available<\/li>\n<\/ul>\n<p>[\/et_pb_text][et_pb_text admin_label=&#8221;Bouton&#8221; module_class=&#8221;regular-font&#8221; _builder_version=&#8221;4.16&#8243; _module_preset=&#8221;default&#8221; background_layout=&#8221;dark&#8221; global_colors_info=&#8221;{}&#8221;]<\/p>\n<p style=\"text-align: center;\"><a onclick=\"ga('send', 'event', 'hotel', 'clic', 'homewood')\" class=\"et_pb_button et_pb_more_button\" href=\"https:\/\/www.hilton.com\/en\/hotels\/ymqskhw-homewood-suites-montreal-midtown\/\" target=\"_blank\" rel=\"noopener\">BOOK NOW<\/a><\/p>\n<p>[\/et_pb_text][\/et_pb_column][\/et_pb_row][\/et_pb_section][et_pb_section fb_built=&#8221;1&#8243; _builder_version=&#8221;4.16&#8243; da_disable_devices=&#8221;off|off|off&#8221; global_colors_info=&#8221;{}&#8221; da_is_popup=&#8221;off&#8221; da_exit_intent=&#8221;off&#8221; da_has_close=&#8221;on&#8221; da_alt_close=&#8221;off&#8221; da_dark_close=&#8221;off&#8221; da_not_modal=&#8221;on&#8221; da_is_singular=&#8221;off&#8221; da_with_loader=&#8221;off&#8221; da_has_shadow=&#8221;on&#8221;][et_pb_row column_structure=&#8221;1_2,1_2&#8243; make_equal=&#8221;on&#8221; module_class=&#8221;hideImageOnMobile  et_pb_row_fullwidth&#8221; _builder_version=&#8221;4.16&#8243; width=&#8221;89%&#8221; width_tablet=&#8221;80%&#8221; width_phone=&#8221;&#8221; width_last_edited=&#8221;on|desktop&#8221; max_width=&#8221;89%&#8221; max_width_tablet=&#8221;80%&#8221; max_width_phone=&#8221;&#8221; max_width_last_edited=&#8221;on|desktop&#8221; make_fullwidth=&#8221;on&#8221; global_colors_info=&#8221;{}&#8221;][et_pb_column type=&#8221;1_2&#8243; _builder_version=&#8221;4.16&#8243; background_image=&#8221;https:\/\/www.westburymontreal.com\/wp-content\/uploads\/2021\/06\/wm-hotel_04.jpg&#8221; custom_padding=&#8221;|||&#8221; global_colors_info=&#8221;{}&#8221; custom_padding__hover=&#8221;|||&#8221;][\/et_pb_column][et_pb_column type=&#8221;1_2&#8243; _builder_version=&#8221;4.16&#8243; background_color=&#8221;#a6b4cb&#8221; custom_padding=&#8221;|||&#8221; global_colors_info=&#8221;{}&#8221; custom_padding__hover=&#8221;|||&#8221;][et_pb_text admin_label=&#8221;Text&#8221; _builder_version=&#8221;4.16&#8243; global_colors_info=&#8221;{}&#8221;]<\/p>\n<h2>TWO RESTAURANTS IN THE HOTEL<\/h2>\n<p>&nbsp;<\/p>\n<p>Take advantage of your stay to explore the shops of the thriving Westbury Montr\u00e9al district, including the two restaurants at the HILTON GARDEN INN \/ HILTON HOMEWOOD SUITES.<\/p>\n<h3>Blandino&#8217;s Brasserie<\/h3>\n<p>You&#8217;ll be charmed by the welcoming atmosphere and exquisite food at this neighbourhood Italian brasserie. Come and enjoy the breakfast as well!<\/p>\n<h3>Taquer\u00eda Pancho<\/h3>\n<p>Discover the taste of M\u00e9xico in a warm and friendly ambiance! Like Brasserie Blandino, Taquer\u00eda Pancho offers a unique decor created by the famous designer Atelier Z\u00e9bulon Perron.<\/p>\n<p>[\/et_pb_text][\/et_pb_column][\/et_pb_row][\/et_pb_section][et_pb_section fb_built=&#8221;1&#8243; _builder_version=&#8221;4.16&#8243; da_disable_devices=&#8221;off|off|off&#8221; global_colors_info=&#8221;{}&#8221; da_is_popup=&#8221;off&#8221; da_exit_intent=&#8221;off&#8221; da_has_close=&#8221;on&#8221; da_alt_close=&#8221;off&#8221; da_dark_close=&#8221;off&#8221; da_not_modal=&#8221;on&#8221; da_is_singular=&#8221;off&#8221; da_with_loader=&#8221;off&#8221; da_has_shadow=&#8221;on&#8221;][et_pb_row column_structure=&#8221;1_2,1_2&#8243; make_equal=&#8221;on&#8221; module_class=&#8221; et_pb_row_fullwidth&#8221; _builder_version=&#8221;4.16&#8243; width=&#8221;89%&#8221; width_tablet=&#8221;80%&#8221; width_phone=&#8221;&#8221; width_last_edited=&#8221;on|desktop&#8221; max_width=&#8221;89%&#8221; max_width_tablet=&#8221;80%&#8221; max_width_phone=&#8221;&#8221; max_width_last_edited=&#8221;on|desktop&#8221; make_fullwidth=&#8221;on&#8221; global_colors_info=&#8221;{}&#8221;][et_pb_column type=&#8221;1_2&#8243; _builder_version=&#8221;4.16&#8243; background_color=&#8221;#a6b4cb&#8221; custom_padding=&#8221;|||&#8221; global_colors_info=&#8221;{}&#8221; custom_padding__hover=&#8221;|||&#8221;][et_pb_text _builder_version=&#8221;4.16&#8243; global_colors_info=&#8221;{}&#8221;]<\/p>\n<h2>AN EVENT? THIS IS YOUR DESTINATION!<\/h2>\n<p>&nbsp;<\/p>\n<p>HILTON GARDEN INN\/HILTON HOMEWOOD SUITES also offers a range of services to meet the event needs of its clients.<\/p>\n<p>With the 5,000+ sq. ft. Westbury Reception Hall located on the 2nd floor and its adjacent 1,800+ sq. ft. outdoor heated terrace, the hotel becomes an ideal venue for weddings, social events, large corporate meetings, etc.<\/p>\n<p>Also, a total of eight meeting rooms are available for business meetings.<\/p>\n<p>[\/et_pb_text][\/et_pb_column][et_pb_column type=&#8221;1_2&#8243; _builder_version=&#8221;4.16&#8243; background_image=&#8221;https:\/\/www.westburymontreal.com\/wp-content\/uploads\/2021\/06\/wm-hotel_07.jpg&#8221; custom_padding=&#8221;|||&#8221; global_colors_info=&#8221;{}&#8221; custom_padding__hover=&#8221;|||&#8221;][\/et_pb_column][\/et_pb_row][\/et_pb_section][et_pb_section fb_built=&#8221;1&#8243; disabled_on=&#8221;on|on|on&#8221; module_id=&#8221;subFooter&#8221; _builder_version=&#8221;3.22&#8243; background_color=&#8221;#be8356&#8243; da_disable_devices=&#8221;off|off|off&#8221; disabled=&#8221;on&#8221; global_module=&#8221;20634&#8243; locked=&#8221;off&#8221; collapsed=&#8221;off&#8221; global_colors_info=&#8221;{}&#8221; da_is_popup=&#8221;off&#8221; da_exit_intent=&#8221;off&#8221; da_has_close=&#8221;on&#8221; da_alt_close=&#8221;off&#8221; da_dark_close=&#8221;off&#8221; da_not_modal=&#8221;on&#8221; da_is_singular=&#8221;off&#8221; da_with_loader=&#8221;off&#8221; da_has_shadow=&#8221;on&#8221;][et_pb_row column_structure=&#8221;1_3,1_3,1_3&#8243; make_equal=&#8221;on&#8221; module_id=&#8221;ctaFooter&#8221; _builder_version=&#8221;4.16&#8243; global_colors_info=&#8221;{}&#8221;][et_pb_column type=&#8221;1_3&#8243; _builder_version=&#8221;4.16&#8243; custom_padding=&#8221;|||&#8221; global_colors_info=&#8221;{}&#8221; custom_padding__hover=&#8221;|||&#8221;][et_pb_text admin_label=&#8221;cta quartier&#8221; _builder_version=&#8221;4.16&#8243; global_colors_info=&#8221;{}&#8221;]<\/p>\n<p><a href=\"https:\/\/www.westburymontreal.com\/en\/westbury-montreal-neighbourhood\/\"><img loading=\"lazy\" decoding=\"async\" class=\"alignnone wp-image-20190 size-full\" src=\"https:\/\/www.westburymontreal.com\/wp-content\/uploads\/2018\/07\/decouvrez-le-quartier-westbury-montreal.jpg\" alt=\"D\u00e9couvrez le quartier Westbury Montr\u00e9al\" width=\"438\" height=\"220\" srcset=\"https:\/\/www.westburymontreal.com\/wp-content\/uploads\/2018\/07\/decouvrez-le-quartier-westbury-montreal.jpg 438w, https:\/\/www.westburymontreal.com\/wp-content\/uploads\/2018\/07\/decouvrez-le-quartier-westbury-montreal-300x151.jpg 300w\" sizes=\"(max-width: 438px) 100vw, 438px\" \/><\/a><\/p>\n<h3><strong>westbury montr\u00e9al<br \/><\/strong>Discover the neighborhood<\/h3>\n<p>[\/et_pb_text][\/et_pb_column][et_pb_column type=&#8221;1_3&#8243; _builder_version=&#8221;4.16&#8243; custom_padding=&#8221;|||&#8221; global_colors_info=&#8221;{}&#8221; custom_padding__hover=&#8221;|||&#8221;][et_pb_text admin_label=&#8221;condo projet&#8221; _builder_version=&#8221;4.16&#8243; global_colors_info=&#8221;{}&#8221;]<\/p>\n<p><a href=\"https:\/\/www.westburymontreal.com\/en\/?page_id=20622\"><img loading=\"lazy\" decoding=\"async\" class=\"alignnone wp-image-21315 size-full\" src=\"https:\/\/www.westburymontreal.com\/wp-content\/uploads\/2018\/09\/decouvrez-condos-westbury-montreal.jpg\" alt=\"Discover Westbury Montr\u00e9al's Condos\" width=\"438\" height=\"220\" srcset=\"https:\/\/www.westburymontreal.com\/wp-content\/uploads\/2018\/09\/decouvrez-condos-westbury-montreal.jpg 438w, https:\/\/www.westburymontreal.com\/wp-content\/uploads\/2018\/09\/decouvrez-condos-westbury-montreal-300x151.jpg 300w\" sizes=\"(max-width: 438px) 100vw, 438px\" \/><\/a><\/p>\n<h3><strong>westbury montr\u00e9al<\/strong><br \/>Discover the condos<\/h3>\n<p>[\/et_pb_text][\/et_pb_column][et_pb_column type=&#8221;1_3&#8243; _builder_version=&#8221;4.16&#8243; custom_padding=&#8221;|||&#8221; global_colors_info=&#8221;{}&#8221; custom_padding__hover=&#8221;|||&#8221;][et_pb_text admin_label=&#8221;espaces communs&#8221; _builder_version=&#8221;4.16&#8243; global_colors_info=&#8221;{}&#8221;]<\/p>\n<p><a href=\"https:\/\/www.westburymontreal.com\/en\/?page_id=20618\"><img loading=\"lazy\" decoding=\"async\" class=\"alignnone wp-image-21309 size-full\" src=\"https:\/\/www.westburymontreal.com\/wp-content\/uploads\/2018\/09\/decouvrez-les-espaces-communs-westbury-montreal.jpg\" alt=\"Discover Westbury Montr\u00e9al's Common Areas\" width=\"438\" height=\"220\" srcset=\"https:\/\/www.westburymontreal.com\/wp-content\/uploads\/2018\/09\/decouvrez-les-espaces-communs-westbury-montreal.jpg 438w, https:\/\/www.westburymontreal.com\/wp-content\/uploads\/2018\/09\/decouvrez-les-espaces-communs-westbury-montreal-300x151.jpg 300w\" sizes=\"(max-width: 438px) 100vw, 438px\" \/><\/a><\/p>\n<h3><strong>westbury montr\u00e9al<\/strong><br \/>Discover the common areas<\/h3>\n<p>[\/et_pb_text][\/et_pb_column][\/et_pb_row][\/et_pb_section]<\/p>\n","protected":false},"excerpt":{"rendered":"<p>HILTON MONTR\u00c9AL HOTEL A UNIQUE PLACE. AN UNFORGETTABLE STAYHILTON GARDEN INNMONTR\u00c9AL MIDTOWNThe Hilton Garden Inn Montr\u00e9al Midtown is centrally located and 10 minutes&#8217; drive to downtown Montreal. A brand-new hotel that opened in June 2021, offering to both business and leisure travelers not only over 157 spacious, contemporary-style rooms, but also meeting rooms which are [&hellip;]<\/p>\n","protected":false},"author":1,"featured_media":0,"parent":0,"menu_order":0,"comment_status":"closed","ping_status":"closed","template":"","meta":{"_et_pb_use_builder":"on","_et_pb_old_content":"","_et_gb_content_width":"","inline_featured_image":false,"footnotes":""},"class_list":["post-25232","page","type-page","status-publish","hentry"],"yoast_head":"<!-- This site is optimized with the Yoast SEO plugin v27.3 - https:\/\/yoast.com\/product\/yoast-seo-wordpress\/ -->\n<title>Hilton Montreal Hotel in Midtown | Westbury Montr\u00e9al<\/title>\n<meta name=\"description\" content=\"For a stay at Hilton Hotel in Montreal (Midtown), choose the Hilton Garden Inn Montreal Midtown or the Hilton Homewood Suites Montreal Midtown. Book here.\" \/>\n<meta name=\"robots\" content=\"index, follow, max-snippet:-1, max-image-preview:large, max-video-preview:-1\" \/>\n<link rel=\"canonical\" href=\"https:\/\/www.westburymontreal.com\/en\/hilton-hotel-montreal-midtown\/\" \/>\n<meta property=\"og:locale\" content=\"en_US\" \/>\n<meta property=\"og:type\" content=\"article\" \/>\n<meta property=\"og:title\" content=\"Hilton Montreal Hotel in Midtown | Westbury Montr\u00e9al\" \/>\n<meta property=\"og:description\" content=\"For a stay at Hilton Hotel in Montreal (Midtown), choose the Hilton Garden Inn Montreal Midtown or the Hilton Homewood Suites Montreal Midtown. Book here.\" \/>\n<meta property=\"og:url\" content=\"https:\/\/www.westburymontreal.com\/en\/hilton-hotel-montreal-midtown\/\" \/>\n<meta property=\"og:site_name\" content=\"Westbury Montr\u00e9al Projet immobilier \u00e0 Montr\u00e9al\" \/>\n<meta property=\"article:publisher\" content=\"https:\/\/www.facebook.com\/westburymontreal\/\" \/>\n<meta property=\"article:modified_time\" content=\"2022-07-14T14:43:45+00:00\" \/>\n<meta property=\"og:image\" content=\"https:\/\/www.westburymontreal.com\/wp-content\/uploads\/2018\/07\/decouvrez-le-quartier-westbury-montreal.jpg\" \/>\n<meta name=\"twitter:card\" content=\"summary_large_image\" \/>\n<meta name=\"twitter:site\" content=\"@WestburyMtl\" \/>\n<meta name=\"twitter:label1\" content=\"Est. reading time\" \/>\n\t<meta name=\"twitter:data1\" content=\"8 minutes\" \/>\n<!-- \/ Yoast SEO plugin. -->","yoast_head_json":{"title":"Hilton Montreal Hotel in Midtown | Westbury Montr\u00e9al","description":"For a stay at Hilton Hotel in Montreal (Midtown), choose the Hilton Garden Inn Montreal Midtown or the Hilton Homewood Suites Montreal Midtown. Book here.","robots":{"index":"index","follow":"follow","max-snippet":"max-snippet:-1","max-image-preview":"max-image-preview:large","max-video-preview":"max-video-preview:-1"},"canonical":"https:\/\/www.westburymontreal.com\/en\/hilton-hotel-montreal-midtown\/","og_locale":"en_US","og_type":"article","og_title":"Hilton Montreal Hotel in Midtown | Westbury Montr\u00e9al","og_description":"For a stay at Hilton Hotel in Montreal (Midtown), choose the Hilton Garden Inn Montreal Midtown or the Hilton Homewood Suites Montreal Midtown. Book here.","og_url":"https:\/\/www.westburymontreal.com\/en\/hilton-hotel-montreal-midtown\/","og_site_name":"Westbury Montr\u00e9al Projet immobilier \u00e0 Montr\u00e9al","article_publisher":"https:\/\/www.facebook.com\/westburymontreal\/","article_modified_time":"2022-07-14T14:43:45+00:00","og_image":[{"url":"https:\/\/www.westburymontreal.com\/wp-content\/uploads\/2018\/07\/decouvrez-le-quartier-westbury-montreal.jpg","type":"","width":"","height":""}],"twitter_card":"summary_large_image","twitter_site":"@WestburyMtl","twitter_misc":{"Est. reading time":"8 minutes"},"schema":{"@context":"https:\/\/schema.org","@graph":[{"@type":"WebPage","@id":"https:\/\/www.westburymontreal.com\/en\/hilton-hotel-montreal-midtown\/","url":"https:\/\/www.westburymontreal.com\/en\/hilton-hotel-montreal-midtown\/","name":"Hilton Montreal Hotel in Midtown | Westbury Montr\u00e9al","isPartOf":{"@id":"https:\/\/www.westburymontreal.com\/en\/#website"},"primaryImageOfPage":{"@id":"https:\/\/www.westburymontreal.com\/en\/hilton-hotel-montreal-midtown\/#primaryimage"},"image":{"@id":"https:\/\/www.westburymontreal.com\/en\/hilton-hotel-montreal-midtown\/#primaryimage"},"thumbnailUrl":"https:\/\/www.westburymontreal.com\/wp-content\/uploads\/2018\/07\/decouvrez-le-quartier-westbury-montreal.jpg","datePublished":"2021-06-21T14:54:08+00:00","dateModified":"2022-07-14T14:43:45+00:00","description":"For a stay at Hilton Hotel in Montreal (Midtown), choose the Hilton Garden Inn Montreal Midtown or the Hilton Homewood Suites Montreal Midtown. Book here.","breadcrumb":{"@id":"https:\/\/www.westburymontreal.com\/en\/hilton-hotel-montreal-midtown\/#breadcrumb"},"inLanguage":"en-CA","potentialAction":[{"@type":"ReadAction","target":["https:\/\/www.westburymontreal.com\/en\/hilton-hotel-montreal-midtown\/"]}]},{"@type":"ImageObject","inLanguage":"en-CA","@id":"https:\/\/www.westburymontreal.com\/en\/hilton-hotel-montreal-midtown\/#primaryimage","url":"https:\/\/www.westburymontreal.com\/wp-content\/uploads\/2018\/07\/decouvrez-le-quartier-westbury-montreal.jpg","contentUrl":"https:\/\/www.westburymontreal.com\/wp-content\/uploads\/2018\/07\/decouvrez-le-quartier-westbury-montreal.jpg"},{"@type":"BreadcrumbList","@id":"https:\/\/www.westburymontreal.com\/en\/hilton-hotel-montreal-midtown\/#breadcrumb","itemListElement":[{"@type":"ListItem","position":1,"name":"Home","item":"https:\/\/www.westburymontreal.com\/en\/"},{"@type":"ListItem","position":2,"name":"Hotel"}]},{"@type":"WebSite","@id":"https:\/\/www.westburymontreal.com\/en\/#website","url":"https:\/\/www.westburymontreal.com\/en\/","name":"Westbury Montr\u00e9al Projet immobilier \u00e0 Montr\u00e9al","description":"","publisher":{"@id":"https:\/\/www.westburymontreal.com\/en\/#organization"},"potentialAction":[{"@type":"SearchAction","target":{"@type":"EntryPoint","urlTemplate":"https:\/\/www.westburymontreal.com\/en\/?s={search_term_string}"},"query-input":{"@type":"PropertyValueSpecification","valueRequired":true,"valueName":"search_term_string"}}],"inLanguage":"en-CA"},{"@type":"Organization","@id":"https:\/\/www.westburymontreal.com\/en\/#organization","name":"Westbury Montr\u00e9al Projet immobilier \u00e0 Montr\u00e9al","url":"https:\/\/www.westburymontreal.com\/en\/","logo":{"@type":"ImageObject","inLanguage":"en-CA","@id":"https:\/\/www.westburymontreal.com\/en\/#\/schema\/logo\/image\/","url":"https:\/\/www.westburymontreal.com\/wp-content\/uploads\/2024\/11\/living-room-4.jpg","contentUrl":"https:\/\/www.westburymontreal.com\/wp-content\/uploads\/2024\/11\/living-room-4.jpg","width":2000,"height":1000,"caption":"Westbury Montr\u00e9al Projet immobilier \u00e0 Montr\u00e9al"},"image":{"@id":"https:\/\/www.westburymontreal.com\/en\/#\/schema\/logo\/image\/"},"sameAs":["https:\/\/www.facebook.com\/westburymontreal\/","https:\/\/x.com\/WestburyMtl","https:\/\/instagram.com\/westburymontreal\/","https:\/\/www.linkedin.com\/company\/11103168\/"]}]}},"_links":{"self":[{"href":"https:\/\/www.westburymontreal.com\/en\/wp-json\/wp\/v2\/pages\/25232","targetHints":{"allow":["GET"]}}],"collection":[{"href":"https:\/\/www.westburymontreal.com\/en\/wp-json\/wp\/v2\/pages"}],"about":[{"href":"https:\/\/www.westburymontreal.com\/en\/wp-json\/wp\/v2\/types\/page"}],"author":[{"embeddable":true,"href":"https:\/\/www.westburymontreal.com\/en\/wp-json\/wp\/v2\/users\/1"}],"replies":[{"embeddable":true,"href":"https:\/\/www.westburymontreal.com\/en\/wp-json\/wp\/v2\/comments?post=25232"}],"version-history":[{"count":0,"href":"https:\/\/www.westburymontreal.com\/en\/wp-json\/wp\/v2\/pages\/25232\/revisions"}],"wp:attachment":[{"href":"https:\/\/www.westburymontreal.com\/en\/wp-json\/wp\/v2\/media?parent=25232"}],"curies":[{"name":"wp","href":"https:\/\/api.w.org\/{rel}","templated":true}]}}